{"id":4256,"date":"2015-06-03T18:03:38","date_gmt":"2015-06-03T22:03:38","guid":{"rendered":"http:\/\/gridd.etsmtl.ca\/?page_id=4256"},"modified":"2024-07-22T14:11:11","modified_gmt":"2024-07-22T18:11:11","slug":"academic-network","status":"publish","type":"page","link":"https:\/\/gridd.etsmtl.ca\/en\/academic-network\/","title":{"rendered":"Academic network"},"content":{"rendered":"\t\t<div data-elementor-type=\"wp-page\" data-elementor-id=\"4256\" class=\"elementor elementor-4256 elementor-262\" data-elementor-post-type=\"page\">\n\t\t\t\t\t\t<section class=\"elementor-section elementor-top-section elementor-element elementor-element-e672186 elementor-section-content-middle elementor-section-boxed elementor-section-height-default elementor-section-height-default\" data-id=\"e672186\" data-element_type=\"section\" data-e-type=\"section\">\n\t\t\t\t\t\t<div class=\"elementor-container elementor-column-gap-default\">\n\t\t\t\t\t<div class=\"elementor-column elementor-col-50 elementor-top-column elementor-element elementor-element-872a833\" data-id=\"872a833\" data-element_type=\"column\" data-e-type=\"column\">\n\t\t\t<div class=\"elementor-widget-wrap elementor-element-populated\">\n\t\t\t\t\t\t<div class=\"elementor-element elementor-element-e956c51 elementor-widget elementor-widget-heading\" data-id=\"e956c51\" data-element_type=\"widget\" data-e-type=\"widget\" data-widget_type=\"heading.default\">\n\t\t\t\t<div class=\"elementor-widget-container\">\n\t\t\t\t\t<h5 class=\"elementor-heading-title elementor-size-default\">Network<\/h5>\t\t\t\t<\/div>\n\t\t\t\t<\/div>\n\t\t\t\t<div class=\"elementor-element elementor-element-e821351 elementor-widget elementor-widget-heading\" data-id=\"e821351\" data-element_type=\"widget\" data-e-type=\"widget\" data-widget_type=\"heading.default\">\n\t\t\t\t<div class=\"elementor-widget-container\">\n\t\t\t\t\t<h1 class=\"elementor-heading-title elementor-size-default\">Academic network<\/h1>\t\t\t\t<\/div>\n\t\t\t\t<\/div>\n\t\t\t\t<div class=\"elementor-element elementor-element-c76038c elementor-hidden-mobile elementor-widget-divider--view-line elementor-widget elementor-widget-divider\" data-id=\"c76038c\" data-element_type=\"widget\" data-e-type=\"widget\" data-widget_type=\"divider.default\">\n\t\t\t\t<div class=\"elementor-widget-container\">\n\t\t\t\t\t\t\t<div class=\"elementor-divider\">\n\t\t\t<span class=\"elementor-divider-separator\">\n\t\t\t\t\t\t<\/span>\n\t\t<\/div>\n\t\t\t\t\t\t<\/div>\n\t\t\t\t<\/div>\n\t\t\t\t<div class=\"elementor-element elementor-element-c08e295 elementor-widget elementor-widget-text-editor\" data-id=\"c08e295\" data-element_type=\"widget\" data-e-type=\"widget\" data-widget_type=\"text-editor.default\">\n\t\t\t\t<div class=\"elementor-widget-container\">\n\t\t\t\t\t\t\t\t\t<p>Discover GRIDD&#8217;s academic partners!<\/p>\n\t\t\t\t\t\t\t\t<\/div>\n\t\t\t\t<\/div>\n\t\t\t\t<div class=\"elementor-element elementor-element-1021b1d elementor-mobile-align-center elementor-widget elementor-widget-button\" data-id=\"1021b1d\" data-element_type=\"widget\" data-e-type=\"widget\" data-widget_type=\"button.default\">\n\t\t\t\t<div class=\"elementor-widget-container\">\n\t\t\t\t\t\t\t\t\t<div class=\"elementor-button-wrapper\">\n\t\t\t\t\t<a class=\"elementor-button elementor-button-link elementor-size-sm\" href=\"https:\/\/gridd.etsmtl.ca\/contact\/\" target=\"_blank\">\n\t\t\t\t\t\t<span class=\"elementor-button-content-wrapper\">\n\t\t\t\t\t\t<span class=\"elementor-button-icon\">\n\t\t\t\t<i aria-hidden=\"true\" class=\"fas fa-angle-right\"><\/i>\t\t\t<\/span>\n\t\t\t\t\t\t\t\t\t<span class=\"elementor-button-text\">Contact<\/span>\n\t\t\t\t\t<\/span>\n\t\t\t\t\t<\/a>\n\t\t\t\t<\/div>\n\t\t\t\t\t\t\t\t<\/div>\n\t\t\t\t<\/div>\n\t\t\t\t\t<\/div>\n\t\t<\/div>\n\t\t\t\t<div class=\"elementor-column elementor-col-50 elementor-top-column elementor-element elementor-element-eee8599\" data-id=\"eee8599\" data-element_type=\"column\" data-e-type=\"column\">\n\t\t\t<div class=\"elementor-widget-wrap elementor-element-populated\">\n\t\t\t\t\t\t<div class=\"elementor-element elementor-element-268f465 elementor-widget elementor-widget-image\" data-id=\"268f465\" data-element_type=\"widget\" data-e-type=\"widget\" data-widget_type=\"image.default\">\n\t\t\t\t<div class=\"elementor-widget-container\">\n\t\t\t\t\t\t\t\t\t\t\t\t\t\t\t<img fetchpriority=\"high\" decoding=\"async\" width=\"700\" height=\"700\" src=\"https:\/\/gridd.etsmtl.ca\/wp-content\/uploads\/2023\/12\/GRIDDAcademicPartners.jpg\" class=\"attachment-full size-full wp-image-5599\" alt=\"\" srcset=\"https:\/\/gridd.etsmtl.ca\/wp-content\/uploads\/2023\/12\/GRIDDAcademicPartners.jpg 700w, https:\/\/gridd.etsmtl.ca\/wp-content\/uploads\/2023\/12\/GRIDDAcademicPartners-300x300.jpg 300w, https:\/\/gridd.etsmtl.ca\/wp-content\/uploads\/2023\/12\/GRIDDAcademicPartners-150x150.jpg 150w\" sizes=\"(max-width: 700px) 100vw, 700px\" \/>\t\t\t\t\t\t\t\t\t\t\t\t\t\t\t<\/div>\n\t\t\t\t<\/div>\n\t\t\t\t\t<\/div>\n\t\t<\/div>\n\t\t\t\t\t<\/div>\n\t\t<\/section>\n\t\t\t\t<section class=\"elementor-section elementor-top-section elementor-element elementor-element-8794e8e elementor-section-boxed elementor-section-height-default elementor-section-height-default\" data-id=\"8794e8e\" data-element_type=\"section\" data-e-type=\"section\">\n\t\t\t\t\t\t<div class=\"elementor-container elementor-column-gap-no\">\n\t\t\t\t\t<div class=\"elementor-column elementor-col-100 elementor-top-column elementor-element elementor-element-4f6736c\" data-id=\"4f6736c\" data-element_type=\"column\" data-e-type=\"column\">\n\t\t\t<div class=\"elementor-widget-wrap elementor-element-populated\">\n\t\t\t\t\t\t<div class=\"elementor-element elementor-element-6260587 animated-slow elementor-widget elementor-widget-jet-listing-grid\" data-id=\"6260587\" data-element_type=\"widget\" data-e-type=\"widget\" data-settings=\"{&quot;columns&quot;:&quot;5&quot;,&quot;columns_tablet&quot;:&quot;3&quot;,&quot;columns_mobile&quot;:&quot;2&quot;}\" data-widget_type=\"jet-listing-grid.default\">\n\t\t\t\t<div class=\"elementor-widget-container\">\n\t\t\t\t\t<div class=\"jet-listing-grid jet-listing-grid--lazy-load jet-listing jet-listing-grid-loading\" data-lazy-load=\"{&quot;offset&quot;:&quot;0px&quot;,&quot;post_id&quot;:4256,&quot;queried_id&quot;:&quot;4256|WP_Post&quot;}\"><div class=\"jet-listing-grid__loader\"><div class=\"jet-listing-grid__loader-spinner\"><\/div><\/div><\/div>\t\t\t\t<\/div>\n\t\t\t\t<\/div>\n\t\t\t\t\t<\/div>\n\t\t<\/div>\n\t\t\t\t\t<\/div>\n\t\t<\/section>\n\t\t\t\t<section class=\"elementor-section elementor-top-section elementor-element elementor-element-2ff82e7 elementor-section-content-middle elementor-hidden-desktop elementor-hidden-tablet elementor-hidden-mobile elementor-section-boxed elementor-section-height-default elementor-section-height-default\" data-id=\"2ff82e7\" data-element_type=\"section\" data-e-type=\"section\">\n\t\t\t\t\t\t<div class=\"elementor-container elementor-column-gap-no\">\n\t\t\t\t\t<div class=\"elementor-column elementor-col-100 elementor-top-column elementor-element elementor-element-fb101d2\" data-id=\"fb101d2\" data-element_type=\"column\" data-e-type=\"column\">\n\t\t\t<div class=\"elementor-widget-wrap elementor-element-populated\">\n\t\t\t\t\t\t<div class=\"elementor-element elementor-element-25692de elementor-widget elementor-widget-heading\" data-id=\"25692de\" data-element_type=\"widget\" data-e-type=\"widget\" data-widget_type=\"heading.default\">\n\t\t\t\t<div class=\"elementor-widget-container\">\n\t\t\t\t\t<h1 class=\"elementor-heading-title elementor-size-default\">Testimonials<\/h1>\t\t\t\t<\/div>\n\t\t\t\t<\/div>\n\t\t\t\t<section class=\"elementor-section elementor-inner-section elementor-element elementor-element-06728bb elementor-section-boxed elementor-section-height-default elementor-section-height-default\" data-id=\"06728bb\" data-element_type=\"section\" data-e-type=\"section\">\n\t\t\t\t\t\t<div class=\"elementor-container elementor-column-gap-default\">\n\t\t\t\t\t<div class=\"elementor-column elementor-col-33 elementor-inner-column elementor-element elementor-element-c01131c\" data-id=\"c01131c\" data-element_type=\"column\" data-e-type=\"column\">\n\t\t\t<div class=\"elementor-widget-wrap elementor-element-populated\">\n\t\t\t\t\t\t<div class=\"elementor-element elementor-element-b605f0e elementor-widget elementor-widget-testimonial\" data-id=\"b605f0e\" data-element_type=\"widget\" data-e-type=\"widget\" data-widget_type=\"testimonial.default\">\n\t\t\t\t<div class=\"elementor-widget-container\">\n\t\t\t\t\t\t\t<div class=\"elementor-testimonial-wrapper\">\n\t\t\t\t\t\t\t<div class=\"elementor-testimonial-content\"><p>Click edit button to change this text. Lorem ipsum dolor sit amet, consectetur adipiscing elit. Ut elit tellus, luctus nec ullamcorper mattis, pulvinar dapibus leo.<\/p>\n<\/div>\n\t\t\t\n\t\t\t\t\t\t<div class=\"elementor-testimonial-meta elementor-has-image elementor-testimonial-image-position-aside\">\n\t\t\t\t<div class=\"elementor-testimonial-meta-inner\">\n\t\t\t\t\t\t\t\t\t\t\t<div class=\"elementor-testimonial-image\">\n\t\t\t\t\t\t\t<img decoding=\"async\" src=\"http:\/\/gridd.etsmtl.ca\/wp-content\/uploads\/2023\/07\/ava4.png\" title=\"\" alt=\"\" loading=\"lazy\" \/>\t\t\t\t\t\t<\/div>\n\t\t\t\t\t\n\t\t\t\t\t\t\t\t\t\t<div class=\"elementor-testimonial-details\">\n\t\t\t\t\t\t\t\t\t\t\t\t\t\t<div class=\"elementor-testimonial-name\">Adam Sendler<\/div>\n\t\t\t\t\t\t\t\t\t\t\t\t\t\t\t\t\t\t\t\t\t\t<div class=\"elementor-testimonial-job\">Designer<\/div>\n\t\t\t\t\t\t\t\t\t\t\t\t\t<\/div>\n\t\t\t\t\t\t\t\t\t<\/div>\n\t\t\t<\/div>\n\t\t\t\t\t<\/div>\n\t\t\t\t\t\t<\/div>\n\t\t\t\t<\/div>\n\t\t\t\t\t<\/div>\n\t\t<\/div>\n\t\t\t\t<div class=\"elementor-column elementor-col-33 elementor-inner-column elementor-element elementor-element-9b1e6bd\" data-id=\"9b1e6bd\" data-element_type=\"column\" data-e-type=\"column\">\n\t\t\t<div class=\"elementor-widget-wrap elementor-element-populated\">\n\t\t\t\t\t\t<div class=\"elementor-element elementor-element-45599cd elementor-widget elementor-widget-testimonial\" data-id=\"45599cd\" data-element_type=\"widget\" data-e-type=\"widget\" data-widget_type=\"testimonial.default\">\n\t\t\t\t<div class=\"elementor-widget-container\">\n\t\t\t\t\t\t\t<div class=\"elementor-testimonial-wrapper\">\n\t\t\t\t\t\t\t<div class=\"elementor-testimonial-content\"><p>Click edit button to change this text. Lorem ipsum dolor sit amet, consectetur adipiscing elit. Ut elit tellus, luctus nec ullamcorper mattis, pulvinar dapibus leo.<\/p>\n<\/div>\n\t\t\t\n\t\t\t\t\t\t<div class=\"elementor-testimonial-meta elementor-has-image elementor-testimonial-image-position-aside\">\n\t\t\t\t<div class=\"elementor-testimonial-meta-inner\">\n\t\t\t\t\t\t\t\t\t\t\t<div class=\"elementor-testimonial-image\">\n\t\t\t\t\t\t\t<img decoding=\"async\" src=\"http:\/\/gridd.etsmtl.ca\/wp-content\/uploads\/2023\/07\/y9.png\" title=\"\" alt=\"\" loading=\"lazy\" \/>\t\t\t\t\t\t<\/div>\n\t\t\t\t\t\n\t\t\t\t\t\t\t\t\t\t<div class=\"elementor-testimonial-details\">\n\t\t\t\t\t\t\t\t\t\t\t\t\t\t<div class=\"elementor-testimonial-name\">Mila Kunis<\/div>\n\t\t\t\t\t\t\t\t\t\t\t\t\t\t\t\t\t\t\t\t\t\t<div class=\"elementor-testimonial-job\">Manager<\/div>\n\t\t\t\t\t\t\t\t\t\t\t\t\t<\/div>\n\t\t\t\t\t\t\t\t\t<\/div>\n\t\t\t<\/div>\n\t\t\t\t\t<\/div>\n\t\t\t\t\t\t<\/div>\n\t\t\t\t<\/div>\n\t\t\t\t\t<\/div>\n\t\t<\/div>\n\t\t\t\t<div class=\"elementor-column elementor-col-33 elementor-inner-column elementor-element elementor-element-4313253\" data-id=\"4313253\" data-element_type=\"column\" data-e-type=\"column\">\n\t\t\t<div class=\"elementor-widget-wrap elementor-element-populated\">\n\t\t\t\t\t\t<div class=\"elementor-element elementor-element-ed5a85d elementor-widget elementor-widget-testimonial\" data-id=\"ed5a85d\" data-element_type=\"widget\" data-e-type=\"widget\" data-widget_type=\"testimonial.default\">\n\t\t\t\t<div class=\"elementor-widget-container\">\n\t\t\t\t\t\t\t<div class=\"elementor-testimonial-wrapper\">\n\t\t\t\t\t\t\t<div class=\"elementor-testimonial-content\"><p>Click edit button to change this text. Lorem ipsum dolor sit amet, consectetur adipiscing elit. Ut elit tellus, luctus nec ullamcorper mattis, pulvinar dapibus leo.<\/p>\n<\/div>\n\t\t\t\n\t\t\t\t\t\t<div class=\"elementor-testimonial-meta elementor-has-image elementor-testimonial-image-position-aside\">\n\t\t\t\t<div class=\"elementor-testimonial-meta-inner\">\n\t\t\t\t\t\t\t\t\t\t\t<div class=\"elementor-testimonial-image\">\n\t\t\t\t\t\t\t<img decoding=\"async\" src=\"http:\/\/gridd.etsmtl.ca\/wp-content\/uploads\/2023\/07\/ava2.png\" title=\"\" alt=\"\" loading=\"lazy\" \/>\t\t\t\t\t\t<\/div>\n\t\t\t\t\t\n\t\t\t\t\t\t\t\t\t\t<div class=\"elementor-testimonial-details\">\n\t\t\t\t\t\t\t\t\t\t\t\t\t\t<div class=\"elementor-testimonial-name\">Mike Stuart<\/div>\n\t\t\t\t\t\t\t\t\t\t\t\t\t\t\t\t\t\t\t\t\t\t<div class=\"elementor-testimonial-job\">Support<\/div>\n\t\t\t\t\t\t\t\t\t\t\t\t\t<\/div>\n\t\t\t\t\t\t\t\t\t<\/div>\n\t\t\t<\/div>\n\t\t\t\t\t<\/div>\n\t\t\t\t\t\t<\/div>\n\t\t\t\t<\/div>\n\t\t\t\t\t<\/div>\n\t\t<\/div>\n\t\t\t\t\t<\/div>\n\t\t<\/section>\n\t\t\t\t\t<\/div>\n\t\t<\/div>\n\t\t\t\t\t<\/div>\n\t\t<\/section>\n\t\t\t\t<\/div>\n\t\t","protected":false},"excerpt":{"rendered":"<p>Network Academic network Discover GRIDD&#8217;s academic partners! Contact Testimonials Click edit button to change this text. Lorem ipsum dolor sit amet, consectetur adipiscing elit. Ut elit tellus, luctus nec ullamcorper mattis, pulvinar dapibus leo. Adam Sendler Designer Click edit button to change this text. Lorem ipsum dolor sit amet, consectetur adipiscing elit. Ut elit tellus, [&hellip;]<\/p>\n","protected":false},"author":11,"featured_media":0,"parent":0,"menu_order":0,"comment_status":"closed","ping_status":"closed","template":"","meta":{"site-sidebar-layout":"no-sidebar","site-content-layout":"page-builder","ast-site-content-layout":"default","site-content-style":"default","site-sidebar-style":"default","ast-global-header-display":"","ast-banner-title-visibility":"","ast-main-header-display":"","ast-hfb-above-header-display":"","ast-hfb-below-header-display":"","ast-hfb-mobile-header-display":"","site-post-title":"disabled","ast-breadcrumbs-content":"","ast-featured-img":"disabled","footer-sml-layout":"","ast-disable-related-posts":"","theme-transparent-header-meta":"default","adv-header-id-meta":"","stick-header-meta":"","header-above-stick-meta":"","header-main-stick-meta":"","header-below-stick-meta":"","astra-migrate-meta-layouts":"default","ast-page-background-enabled":"default","ast-page-background-meta":{"desktop":{"background-color":"var(--ast-global-color-4)","background-image":"","background-repeat":"repeat","background-position":"center center","background-size":"auto","background-attachment":"scroll","background-type":"","background-media":"","overlay-type":"","overlay-color":"","overlay-opacity":"","overlay-gradient":""},"tablet":{"background-color":"","background-image":"","background-repeat":"repeat","background-position":"center center","background-size":"auto","background-attachment":"scroll","background-type":"","background-media":"","overlay-type":"","overlay-color":"","overlay-opacity":"","overlay-gradient":""},"mobile":{"background-color":"","background-image":"","background-repeat":"repeat","background-position":"center center","background-size":"auto","background-attachment":"scroll","background-type":"","background-media":"","overlay-type":"","overlay-color":"","overlay-opacity":"","overlay-gradient":""}},"ast-content-background-meta":{"desktop":{"background-color":"var(--ast-global-color-5)","background-image":"","background-repeat":"repeat","background-position":"center center","background-size":"auto","background-attachment":"scroll","background-type":"","background-media":"","overlay-type":"","overlay-color":"","overlay-opacity":"","overlay-gradient":""},"tablet":{"background-color":"var(--ast-global-color-5)","background-image":"","background-repeat":"repeat","background-position":"center center","background-size":"auto","background-attachment":"scroll","background-type":"","background-media":"","overlay-type":"","overlay-color":"","overlay-opacity":"","overlay-gradient":""},"mobile":{"background-color":"var(--ast-global-color-5)","background-image":"","background-repeat":"repeat","background-position":"center center","background-size":"auto","background-attachment":"scroll","background-type":"","background-media":"","overlay-type":"","overlay-color":"","overlay-opacity":"","overlay-gradient":""}},"footnotes":""},"tags-de-recherche":[],"type-de-recherche":[],"class_list":["post-4256","page","type-page","status-publish","hentry"],"yoast_head":"<!-- This site is optimized with the Yoast SEO plugin v27.3 - https:\/\/yoast.com\/product\/yoast-seo-wordpress\/ -->\n<title>Academic network - GRIDD - Groupe de recherche en int\u00e9gration et d\u00e9veloppement durable en environnement b\u00e2ti<\/title>\n<meta name=\"robots\" content=\"index, follow, max-snippet:-1, max-image-preview:large, max-video-preview:-1\" \/>\n<link rel=\"canonical\" href=\"https:\/\/gridd.etsmtl.ca\/en\/academic-network\/\" \/>\n<meta property=\"og:locale\" content=\"en_US\" \/>\n<meta property=\"og:type\" content=\"article\" \/>\n<meta property=\"og:title\" content=\"Academic network - GRIDD - Groupe de recherche en int\u00e9gration et d\u00e9veloppement durable en environnement b\u00e2ti\" \/>\n<meta property=\"og:description\" content=\"Network Academic network Discover GRIDD&#8217;s academic partners! Contact Testimonials Click edit button to change this text. Lorem ipsum dolor sit amet, consectetur adipiscing elit. Ut elit tellus, luctus nec ullamcorper mattis, pulvinar dapibus leo. Adam Sendler Designer Click edit button to change this text. Lorem ipsum dolor sit amet, consectetur adipiscing elit. Ut elit tellus, [&hellip;]\" \/>\n<meta property=\"og:url\" content=\"https:\/\/gridd.etsmtl.ca\/en\/academic-network\/\" \/>\n<meta property=\"og:site_name\" content=\"GRIDD - Groupe de recherche en int\u00e9gration et d\u00e9veloppement durable en environnement b\u00e2ti\" \/>\n<meta property=\"article:modified_time\" content=\"2024-07-22T18:11:11+00:00\" \/>\n<meta property=\"og:image\" content=\"https:\/\/gridd.etsmtl.ca\/wp-content\/uploads\/2023\/12\/GRIDDAcademicPartners.jpg\" \/>\n<meta name=\"twitter:card\" content=\"summary_large_image\" \/>\n<script type=\"application\/ld+json\" class=\"yoast-schema-graph\">{\"@context\":\"https:\\\/\\\/schema.org\",\"@graph\":[{\"@type\":\"WebPage\",\"@id\":\"https:\\\/\\\/gridd.etsmtl.ca\\\/en\\\/academic-network\\\/\",\"url\":\"https:\\\/\\\/gridd.etsmtl.ca\\\/en\\\/academic-network\\\/\",\"name\":\"Academic network - GRIDD - Groupe de recherche en int\u00e9gration et d\u00e9veloppement durable en environnement b\u00e2ti\",\"isPartOf\":{\"@id\":\"https:\\\/\\\/gridd.etsmtl.ca\\\/en\\\/fr\\\/#website\"},\"primaryImageOfPage\":{\"@id\":\"https:\\\/\\\/gridd.etsmtl.ca\\\/en\\\/academic-network\\\/#primaryimage\"},\"image\":{\"@id\":\"https:\\\/\\\/gridd.etsmtl.ca\\\/en\\\/academic-network\\\/#primaryimage\"},\"thumbnailUrl\":\"https:\\\/\\\/gridd.etsmtl.ca\\\/wp-content\\\/uploads\\\/2023\\\/12\\\/GRIDDAcademicPartners.jpg\",\"datePublished\":\"2015-06-03T22:03:38+00:00\",\"dateModified\":\"2024-07-22T18:11:11+00:00\",\"breadcrumb\":{\"@id\":\"https:\\\/\\\/gridd.etsmtl.ca\\\/en\\\/academic-network\\\/#breadcrumb\"},\"inLanguage\":\"en-CA\",\"potentialAction\":[{\"@type\":\"ReadAction\",\"target\":[\"https:\\\/\\\/gridd.etsmtl.ca\\\/en\\\/academic-network\\\/\"]}]},{\"@type\":\"ImageObject\",\"inLanguage\":\"en-CA\",\"@id\":\"https:\\\/\\\/gridd.etsmtl.ca\\\/en\\\/academic-network\\\/#primaryimage\",\"url\":\"https:\\\/\\\/gridd.etsmtl.ca\\\/wp-content\\\/uploads\\\/2023\\\/12\\\/GRIDDAcademicPartners.jpg\",\"contentUrl\":\"https:\\\/\\\/gridd.etsmtl.ca\\\/wp-content\\\/uploads\\\/2023\\\/12\\\/GRIDDAcademicPartners.jpg\"},{\"@type\":\"BreadcrumbList\",\"@id\":\"https:\\\/\\\/gridd.etsmtl.ca\\\/en\\\/academic-network\\\/#breadcrumb\",\"itemListElement\":[{\"@type\":\"ListItem\",\"position\":1,\"name\":\"Home\",\"item\":\"https:\\\/\\\/gridd.etsmtl.ca\\\/en\\\/home\\\/\"},{\"@type\":\"ListItem\",\"position\":2,\"name\":\"Academic network\"}]},{\"@type\":\"WebSite\",\"@id\":\"https:\\\/\\\/gridd.etsmtl.ca\\\/en\\\/fr\\\/#website\",\"url\":\"https:\\\/\\\/gridd.etsmtl.ca\\\/en\\\/fr\\\/\",\"name\":\"GRIDD - Groupe de recherche en int\u00e9gration et d\u00e9veloppement durable en environnement b\u00e2ti\",\"description\":\"\",\"publisher\":{\"@id\":\"https:\\\/\\\/gridd.etsmtl.ca\\\/en\\\/fr\\\/#organization\"},\"potentialAction\":[{\"@type\":\"SearchAction\",\"target\":{\"@type\":\"EntryPoint\",\"urlTemplate\":\"https:\\\/\\\/gridd.etsmtl.ca\\\/en\\\/fr\\\/?s={search_term_string}\"},\"query-input\":{\"@type\":\"PropertyValueSpecification\",\"valueRequired\":true,\"valueName\":\"search_term_string\"}}],\"inLanguage\":\"en-CA\"},{\"@type\":\"Organization\",\"@id\":\"https:\\\/\\\/gridd.etsmtl.ca\\\/en\\\/fr\\\/#organization\",\"name\":\"GRIDD - Groupe de recherche en int\u00e9gration et d\u00e9veloppement durable en environnement b\u00e2ti\",\"url\":\"https:\\\/\\\/gridd.etsmtl.ca\\\/en\\\/fr\\\/\",\"logo\":{\"@type\":\"ImageObject\",\"inLanguage\":\"en-CA\",\"@id\":\"https:\\\/\\\/gridd.etsmtl.ca\\\/en\\\/fr\\\/#\\\/schema\\\/logo\\\/image\\\/\",\"url\":\"https:\\\/\\\/gridd.etsmtl.ca\\\/wp-content\\\/uploads\\\/2023\\\/04\\\/cropped-GRIDD-logo2-1.png\",\"contentUrl\":\"https:\\\/\\\/gridd.etsmtl.ca\\\/wp-content\\\/uploads\\\/2023\\\/04\\\/cropped-GRIDD-logo2-1.png\",\"width\":2564,\"height\":378,\"caption\":\"GRIDD - Groupe de recherche en int\u00e9gration et d\u00e9veloppement durable en environnement b\u00e2ti\"},\"image\":{\"@id\":\"https:\\\/\\\/gridd.etsmtl.ca\\\/en\\\/fr\\\/#\\\/schema\\\/logo\\\/image\\\/\"}}]}<\/script>\n<!-- \/ Yoast SEO plugin. -->","yoast_head_json":{"title":"Academic network - GRIDD - Groupe de recherche en int\u00e9gration et d\u00e9veloppement durable en environnement b\u00e2ti","robots":{"index":"index","follow":"follow","max-snippet":"max-snippet:-1","max-image-preview":"max-image-preview:large","max-video-preview":"max-video-preview:-1"},"canonical":"https:\/\/gridd.etsmtl.ca\/en\/academic-network\/","og_locale":"en_US","og_type":"article","og_title":"Academic network - GRIDD - Groupe de recherche en int\u00e9gration et d\u00e9veloppement durable en environnement b\u00e2ti","og_description":"Network Academic network Discover GRIDD&#8217;s academic partners! Contact Testimonials Click edit button to change this text. Lorem ipsum dolor sit amet, consectetur adipiscing elit. Ut elit tellus, luctus nec ullamcorper mattis, pulvinar dapibus leo. Adam Sendler Designer Click edit button to change this text. Lorem ipsum dolor sit amet, consectetur adipiscing elit. Ut elit tellus, [&hellip;]","og_url":"https:\/\/gridd.etsmtl.ca\/en\/academic-network\/","og_site_name":"GRIDD - Groupe de recherche en int\u00e9gration et d\u00e9veloppement durable en environnement b\u00e2ti","article_modified_time":"2024-07-22T18:11:11+00:00","og_image":[{"url":"https:\/\/gridd.etsmtl.ca\/wp-content\/uploads\/2023\/12\/GRIDDAcademicPartners.jpg","type":"","width":"","height":""}],"twitter_card":"summary_large_image","schema":{"@context":"https:\/\/schema.org","@graph":[{"@type":"WebPage","@id":"https:\/\/gridd.etsmtl.ca\/en\/academic-network\/","url":"https:\/\/gridd.etsmtl.ca\/en\/academic-network\/","name":"Academic network - GRIDD - Groupe de recherche en int\u00e9gration et d\u00e9veloppement durable en environnement b\u00e2ti","isPartOf":{"@id":"https:\/\/gridd.etsmtl.ca\/en\/fr\/#website"},"primaryImageOfPage":{"@id":"https:\/\/gridd.etsmtl.ca\/en\/academic-network\/#primaryimage"},"image":{"@id":"https:\/\/gridd.etsmtl.ca\/en\/academic-network\/#primaryimage"},"thumbnailUrl":"https:\/\/gridd.etsmtl.ca\/wp-content\/uploads\/2023\/12\/GRIDDAcademicPartners.jpg","datePublished":"2015-06-03T22:03:38+00:00","dateModified":"2024-07-22T18:11:11+00:00","breadcrumb":{"@id":"https:\/\/gridd.etsmtl.ca\/en\/academic-network\/#breadcrumb"},"inLanguage":"en-CA","potentialAction":[{"@type":"ReadAction","target":["https:\/\/gridd.etsmtl.ca\/en\/academic-network\/"]}]},{"@type":"ImageObject","inLanguage":"en-CA","@id":"https:\/\/gridd.etsmtl.ca\/en\/academic-network\/#primaryimage","url":"https:\/\/gridd.etsmtl.ca\/wp-content\/uploads\/2023\/12\/GRIDDAcademicPartners.jpg","contentUrl":"https:\/\/gridd.etsmtl.ca\/wp-content\/uploads\/2023\/12\/GRIDDAcademicPartners.jpg"},{"@type":"BreadcrumbList","@id":"https:\/\/gridd.etsmtl.ca\/en\/academic-network\/#breadcrumb","itemListElement":[{"@type":"ListItem","position":1,"name":"Home","item":"https:\/\/gridd.etsmtl.ca\/en\/home\/"},{"@type":"ListItem","position":2,"name":"Academic network"}]},{"@type":"WebSite","@id":"https:\/\/gridd.etsmtl.ca\/en\/fr\/#website","url":"https:\/\/gridd.etsmtl.ca\/en\/fr\/","name":"GRIDD - Groupe de recherche en int\u00e9gration et d\u00e9veloppement durable en environnement b\u00e2ti","description":"","publisher":{"@id":"https:\/\/gridd.etsmtl.ca\/en\/fr\/#organization"},"potentialAction":[{"@type":"SearchAction","target":{"@type":"EntryPoint","urlTemplate":"https:\/\/gridd.etsmtl.ca\/en\/fr\/?s={search_term_string}"},"query-input":{"@type":"PropertyValueSpecification","valueRequired":true,"valueName":"search_term_string"}}],"inLanguage":"en-CA"},{"@type":"Organization","@id":"https:\/\/gridd.etsmtl.ca\/en\/fr\/#organization","name":"GRIDD - Groupe de recherche en int\u00e9gration et d\u00e9veloppement durable en environnement b\u00e2ti","url":"https:\/\/gridd.etsmtl.ca\/en\/fr\/","logo":{"@type":"ImageObject","inLanguage":"en-CA","@id":"https:\/\/gridd.etsmtl.ca\/en\/fr\/#\/schema\/logo\/image\/","url":"https:\/\/gridd.etsmtl.ca\/wp-content\/uploads\/2023\/04\/cropped-GRIDD-logo2-1.png","contentUrl":"https:\/\/gridd.etsmtl.ca\/wp-content\/uploads\/2023\/04\/cropped-GRIDD-logo2-1.png","width":2564,"height":378,"caption":"GRIDD - Groupe de recherche en int\u00e9gration et d\u00e9veloppement durable en environnement b\u00e2ti"},"image":{"@id":"https:\/\/gridd.etsmtl.ca\/en\/fr\/#\/schema\/logo\/image\/"}}]}},"_links":{"self":[{"href":"https:\/\/gridd.etsmtl.ca\/en\/wp-json\/wp\/v2\/pages\/4256","targetHints":{"allow":["GET"]}}],"collection":[{"href":"https:\/\/gridd.etsmtl.ca\/en\/wp-json\/wp\/v2\/pages"}],"about":[{"href":"https:\/\/gridd.etsmtl.ca\/en\/wp-json\/wp\/v2\/types\/page"}],"author":[{"embeddable":true,"href":"https:\/\/gridd.etsmtl.ca\/en\/wp-json\/wp\/v2\/users\/11"}],"replies":[{"embeddable":true,"href":"https:\/\/gridd.etsmtl.ca\/en\/wp-json\/wp\/v2\/comments?post=4256"}],"version-history":[{"count":2,"href":"https:\/\/gridd.etsmtl.ca\/en\/wp-json\/wp\/v2\/pages\/4256\/revisions"}],"predecessor-version":[{"id":7116,"href":"https:\/\/gridd.etsmtl.ca\/en\/wp-json\/wp\/v2\/pages\/4256\/revisions\/7116"}],"wp:attachment":[{"href":"https:\/\/gridd.etsmtl.ca\/en\/wp-json\/wp\/v2\/media?parent=4256"}],"wp:term":[{"taxonomy":"tags-de-recherche","embeddable":true,"href":"https:\/\/gridd.etsmtl.ca\/en\/wp-json\/wp\/v2\/tags-de-recherche?post=4256"},{"taxonomy":"type-de-recherche","embeddable":true,"href":"https:\/\/gridd.etsmtl.ca\/en\/wp-json\/wp\/v2\/type-de-recherche?post=4256"}],"curies":[{"name":"wp","href":"https:\/\/api.w.org\/{rel}","templated":true}]}}