{"id":4252,"date":"2015-01-21T10:37:39","date_gmt":"2015-01-21T15:37:39","guid":{"rendered":"http:\/\/gridd.etsmtl.ca\/?page_id=4252"},"modified":"2025-09-03T09:41:47","modified_gmt":"2025-09-03T13:41:47","slug":"industrial-partners","status":"publish","type":"page","link":"https:\/\/gridd.etsmtl.ca\/en\/industrial-partners\/","title":{"rendered":"Industrial partners"},"content":{"rendered":"\t\t<div data-elementor-type=\"wp-page\" data-elementor-id=\"4252\" class=\"elementor elementor-4252 elementor-80\" data-elementor-post-type=\"page\">\n\t\t\t\t\t\t<section class=\"elementor-section elementor-top-section elementor-element elementor-element-84a4a9f elementor-section-content-middle elementor-section-boxed elementor-section-height-default elementor-section-height-default\" data-id=\"84a4a9f\" data-element_type=\"section\" data-e-type=\"section\">\n\t\t\t\t\t\t<div class=\"elementor-container elementor-column-gap-default\">\n\t\t\t\t\t<div class=\"elementor-column elementor-col-50 elementor-top-column elementor-element elementor-element-35857d6\" data-id=\"35857d6\" data-element_type=\"column\" data-e-type=\"column\">\n\t\t\t<div class=\"elementor-widget-wrap elementor-element-populated\">\n\t\t\t\t\t\t<div class=\"elementor-element elementor-element-20154d0 elementor-widget elementor-widget-heading\" data-id=\"20154d0\" data-element_type=\"widget\" data-e-type=\"widget\" data-widget_type=\"heading.default\">\n\t\t\t\t<div class=\"elementor-widget-container\">\n\t\t\t\t\t<h5 class=\"elementor-heading-title elementor-size-default\">Network<\/h5>\t\t\t\t<\/div>\n\t\t\t\t<\/div>\n\t\t\t\t<div class=\"elementor-element elementor-element-9111670 elementor-widget elementor-widget-heading\" data-id=\"9111670\" data-element_type=\"widget\" data-e-type=\"widget\" data-widget_type=\"heading.default\">\n\t\t\t\t<div class=\"elementor-widget-container\">\n\t\t\t\t\t<h1 class=\"elementor-heading-title elementor-size-default\">Industrial partners<\/h1>\t\t\t\t<\/div>\n\t\t\t\t<\/div>\n\t\t\t\t<div class=\"elementor-element elementor-element-5f32325 elementor-hidden-mobile elementor-widget-divider--view-line elementor-widget elementor-widget-divider\" data-id=\"5f32325\" data-element_type=\"widget\" data-e-type=\"widget\" data-widget_type=\"divider.default\">\n\t\t\t\t<div class=\"elementor-widget-container\">\n\t\t\t\t\t\t\t<div class=\"elementor-divider\">\n\t\t\t<span class=\"elementor-divider-separator\">\n\t\t\t\t\t\t<\/span>\n\t\t<\/div>\n\t\t\t\t\t\t<\/div>\n\t\t\t\t<\/div>\n\t\t\t\t<div class=\"elementor-element elementor-element-a46d237 elementor-widget elementor-widget-text-editor\" data-id=\"a46d237\" data-element_type=\"widget\" data-e-type=\"widget\" data-widget_type=\"text-editor.default\">\n\t\t\t\t<div class=\"elementor-widget-container\">\n\t\t\t\t\t\t\t\t\t<p>We&#8217;re constantly collaborating with industry. Find out more about GRIDD&#8217;s industrial partners!<\/p>\n\t\t\t\t\t\t\t\t<\/div>\n\t\t\t\t<\/div>\n\t\t\t\t<div class=\"elementor-element elementor-element-e4186eb elementor-mobile-align-center elementor-widget elementor-widget-button\" data-id=\"e4186eb\" data-element_type=\"widget\" data-e-type=\"widget\" data-widget_type=\"button.default\">\n\t\t\t\t<div class=\"elementor-widget-container\">\n\t\t\t\t\t\t\t\t\t<div class=\"elementor-button-wrapper\">\n\t\t\t\t\t<a class=\"elementor-button elementor-button-link elementor-size-sm\" href=\"https:\/\/gridd.etsmtl.ca\/contact\/\" target=\"_blank\">\n\t\t\t\t\t\t<span class=\"elementor-button-content-wrapper\">\n\t\t\t\t\t\t<span class=\"elementor-button-icon\">\n\t\t\t\t<i aria-hidden=\"true\" class=\"fas fa-angle-right\"><\/i>\t\t\t<\/span>\n\t\t\t\t\t\t\t\t\t<span class=\"elementor-button-text\">Contact<\/span>\n\t\t\t\t\t<\/span>\n\t\t\t\t\t<\/a>\n\t\t\t\t<\/div>\n\t\t\t\t\t\t\t\t<\/div>\n\t\t\t\t<\/div>\n\t\t\t\t\t<\/div>\n\t\t<\/div>\n\t\t\t\t<div class=\"elementor-column elementor-col-50 elementor-top-column elementor-element elementor-element-56fe027\" data-id=\"56fe027\" data-element_type=\"column\" data-e-type=\"column\">\n\t\t\t<div class=\"elementor-widget-wrap elementor-element-populated\">\n\t\t\t\t\t\t<div class=\"elementor-element elementor-element-388f8a4 elementor-widget elementor-widget-image\" data-id=\"388f8a4\" data-element_type=\"widget\" data-e-type=\"widget\" data-widget_type=\"image.default\">\n\t\t\t\t<div class=\"elementor-widget-container\">\n\t\t\t\t\t\t\t\t\t\t\t\t\t\t\t<img fetchpriority=\"high\" decoding=\"async\" width=\"700\" height=\"700\" src=\"https:\/\/gridd.etsmtl.ca\/wp-content\/uploads\/2023\/08\/IndustrialPartnersGRIDD.jpg\" class=\"attachment-full size-full wp-image-4001\" alt=\"\" srcset=\"https:\/\/gridd.etsmtl.ca\/wp-content\/uploads\/2023\/08\/IndustrialPartnersGRIDD.jpg 700w, https:\/\/gridd.etsmtl.ca\/wp-content\/uploads\/2023\/08\/IndustrialPartnersGRIDD-300x300.jpg 300w, https:\/\/gridd.etsmtl.ca\/wp-content\/uploads\/2023\/08\/IndustrialPartnersGRIDD-150x150.jpg 150w\" sizes=\"(max-width: 700px) 100vw, 700px\" \/>\t\t\t\t\t\t\t\t\t\t\t\t\t\t\t<\/div>\n\t\t\t\t<\/div>\n\t\t\t\t\t<\/div>\n\t\t<\/div>\n\t\t\t\t\t<\/div>\n\t\t<\/section>\n\t\t\t\t<section class=\"elementor-section elementor-top-section elementor-element elementor-element-605c32f elementor-section-boxed elementor-section-height-default elementor-section-height-default\" data-id=\"605c32f\" data-element_type=\"section\" data-e-type=\"section\">\n\t\t\t\t\t\t<div class=\"elementor-container elementor-column-gap-no\">\n\t\t\t\t\t<div class=\"elementor-column elementor-col-100 elementor-top-column elementor-element elementor-element-5e59950\" data-id=\"5e59950\" data-element_type=\"column\" data-e-type=\"column\">\n\t\t\t<div class=\"elementor-widget-wrap elementor-element-populated\">\n\t\t\t\t\t\t<div class=\"elementor-element elementor-element-38d0bd9 animated-slow elementor-widget elementor-widget-jet-listing-grid\" data-id=\"38d0bd9\" data-element_type=\"widget\" data-e-type=\"widget\" data-settings=\"{&quot;columns&quot;:&quot;5&quot;,&quot;columns_tablet&quot;:&quot;3&quot;,&quot;columns_mobile&quot;:&quot;2&quot;}\" data-widget_type=\"jet-listing-grid.default\">\n\t\t\t\t<div class=\"elementor-widget-container\">\n\t\t\t\t\t<div class=\"jet-listing-grid jet-listing-grid--lazy-load jet-listing jet-listing-grid-loading\" data-lazy-load=\"{&quot;offset&quot;:&quot;0px&quot;,&quot;post_id&quot;:4252,&quot;queried_id&quot;:&quot;4252|WP_Post&quot;}\"><div class=\"jet-listing-grid__loader\"><div class=\"jet-listing-grid__loader-spinner\"><\/div><\/div><\/div>\t\t\t\t<\/div>\n\t\t\t\t<\/div>\n\t\t\t\t\t<\/div>\n\t\t<\/div>\n\t\t\t\t\t<\/div>\n\t\t<\/section>\n\t\t\t\t<section class=\"elementor-section elementor-top-section elementor-element elementor-element-442762ad elementor-section-content-middle elementor-hidden-desktop elementor-hidden-tablet elementor-hidden-mobile elementor-section-boxed elementor-section-height-default elementor-section-height-default\" data-id=\"442762ad\" data-element_type=\"section\" data-e-type=\"section\">\n\t\t\t\t\t\t<div class=\"elementor-container elementor-column-gap-no\">\n\t\t\t\t\t<div class=\"elementor-column elementor-col-100 elementor-top-column elementor-element elementor-element-451eedf2\" data-id=\"451eedf2\" data-element_type=\"column\" data-e-type=\"column\">\n\t\t\t<div class=\"elementor-widget-wrap elementor-element-populated\">\n\t\t\t\t\t\t<div class=\"elementor-element elementor-element-31962ef elementor-widget elementor-widget-heading\" data-id=\"31962ef\" data-element_type=\"widget\" data-e-type=\"widget\" data-widget_type=\"heading.default\">\n\t\t\t\t<div class=\"elementor-widget-container\">\n\t\t\t\t\t<h1 class=\"elementor-heading-title elementor-size-default\">Testimonials<\/h1>\t\t\t\t<\/div>\n\t\t\t\t<\/div>\n\t\t\t\t<section class=\"elementor-section elementor-inner-section elementor-element elementor-element-7715e079 elementor-section-boxed elementor-section-height-default elementor-section-height-default\" data-id=\"7715e079\" data-element_type=\"section\" data-e-type=\"section\">\n\t\t\t\t\t\t<div class=\"elementor-container elementor-column-gap-default\">\n\t\t\t\t\t<div class=\"elementor-column elementor-col-33 elementor-inner-column elementor-element elementor-element-7c204bb\" data-id=\"7c204bb\" data-element_type=\"column\" data-e-type=\"column\">\n\t\t\t<div class=\"elementor-widget-wrap elementor-element-populated\">\n\t\t\t\t\t\t<div class=\"elementor-element elementor-element-74270776 elementor-widget elementor-widget-testimonial\" data-id=\"74270776\" data-element_type=\"widget\" data-e-type=\"widget\" data-widget_type=\"testimonial.default\">\n\t\t\t\t<div class=\"elementor-widget-container\">\n\t\t\t\t\t\t\t<div class=\"elementor-testimonial-wrapper\">\n\t\t\t\t\t\t\t<div class=\"elementor-testimonial-content\"><p>Click edit button to change this text. Lorem ipsum dolor sit amet, consectetur adipiscing elit. Ut elit tellus, luctus nec ullamcorper mattis, pulvinar dapibus leo.<\/p>\n<\/div>\n\t\t\t\n\t\t\t\t\t\t<div class=\"elementor-testimonial-meta elementor-has-image elementor-testimonial-image-position-aside\">\n\t\t\t\t<div class=\"elementor-testimonial-meta-inner\">\n\t\t\t\t\t\t\t\t\t\t\t<div class=\"elementor-testimonial-image\">\n\t\t\t\t\t\t\t<img decoding=\"async\" src=\"http:\/\/gridd.etsmtl.ca\/wp-content\/uploads\/2023\/07\/ava4.png\" title=\"\" alt=\"\" loading=\"lazy\" \/>\t\t\t\t\t\t<\/div>\n\t\t\t\t\t\n\t\t\t\t\t\t\t\t\t\t<div class=\"elementor-testimonial-details\">\n\t\t\t\t\t\t\t\t\t\t\t\t\t\t<div class=\"elementor-testimonial-name\">Adam Sendler<\/div>\n\t\t\t\t\t\t\t\t\t\t\t\t\t\t\t\t\t\t\t\t\t\t<div class=\"elementor-testimonial-job\">Designer<\/div>\n\t\t\t\t\t\t\t\t\t\t\t\t\t<\/div>\n\t\t\t\t\t\t\t\t\t<\/div>\n\t\t\t<\/div>\n\t\t\t\t\t<\/div>\n\t\t\t\t\t\t<\/div>\n\t\t\t\t<\/div>\n\t\t\t\t\t<\/div>\n\t\t<\/div>\n\t\t\t\t<div class=\"elementor-column elementor-col-33 elementor-inner-column elementor-element elementor-element-46ba892\" data-id=\"46ba892\" data-element_type=\"column\" data-e-type=\"column\">\n\t\t\t<div class=\"elementor-widget-wrap elementor-element-populated\">\n\t\t\t\t\t\t<div class=\"elementor-element elementor-element-409b4c5f elementor-widget elementor-widget-testimonial\" data-id=\"409b4c5f\" data-element_type=\"widget\" data-e-type=\"widget\" data-widget_type=\"testimonial.default\">\n\t\t\t\t<div class=\"elementor-widget-container\">\n\t\t\t\t\t\t\t<div class=\"elementor-testimonial-wrapper\">\n\t\t\t\t\t\t\t<div class=\"elementor-testimonial-content\"><p>Click edit button to change this text. Lorem ipsum dolor sit amet, consectetur adipiscing elit. Ut elit tellus, luctus nec ullamcorper mattis, pulvinar dapibus leo.<\/p>\n<\/div>\n\t\t\t\n\t\t\t\t\t\t<div class=\"elementor-testimonial-meta elementor-has-image elementor-testimonial-image-position-aside\">\n\t\t\t\t<div class=\"elementor-testimonial-meta-inner\">\n\t\t\t\t\t\t\t\t\t\t\t<div class=\"elementor-testimonial-image\">\n\t\t\t\t\t\t\t<img decoding=\"async\" src=\"http:\/\/gridd.etsmtl.ca\/wp-content\/uploads\/2023\/07\/y9.png\" title=\"\" alt=\"\" loading=\"lazy\" \/>\t\t\t\t\t\t<\/div>\n\t\t\t\t\t\n\t\t\t\t\t\t\t\t\t\t<div class=\"elementor-testimonial-details\">\n\t\t\t\t\t\t\t\t\t\t\t\t\t\t<div class=\"elementor-testimonial-name\">Mila Kunis<\/div>\n\t\t\t\t\t\t\t\t\t\t\t\t\t\t\t\t\t\t\t\t\t\t<div class=\"elementor-testimonial-job\">Manager<\/div>\n\t\t\t\t\t\t\t\t\t\t\t\t\t<\/div>\n\t\t\t\t\t\t\t\t\t<\/div>\n\t\t\t<\/div>\n\t\t\t\t\t<\/div>\n\t\t\t\t\t\t<\/div>\n\t\t\t\t<\/div>\n\t\t\t\t\t<\/div>\n\t\t<\/div>\n\t\t\t\t<div class=\"elementor-column elementor-col-33 elementor-inner-column elementor-element elementor-element-5973050f\" data-id=\"5973050f\" data-element_type=\"column\" data-e-type=\"column\">\n\t\t\t<div class=\"elementor-widget-wrap elementor-element-populated\">\n\t\t\t\t\t\t<div class=\"elementor-element elementor-element-63f48b66 elementor-widget elementor-widget-testimonial\" data-id=\"63f48b66\" data-element_type=\"widget\" data-e-type=\"widget\" data-widget_type=\"testimonial.default\">\n\t\t\t\t<div class=\"elementor-widget-container\">\n\t\t\t\t\t\t\t<div class=\"elementor-testimonial-wrapper\">\n\t\t\t\t\t\t\t<div class=\"elementor-testimonial-content\"><p>Click edit button to change this text. Lorem ipsum dolor sit amet, consectetur adipiscing elit. Ut elit tellus, luctus nec ullamcorper mattis, pulvinar dapibus leo.<\/p>\n<\/div>\n\t\t\t\n\t\t\t\t\t\t<div class=\"elementor-testimonial-meta elementor-has-image elementor-testimonial-image-position-aside\">\n\t\t\t\t<div class=\"elementor-testimonial-meta-inner\">\n\t\t\t\t\t\t\t\t\t\t\t<div class=\"elementor-testimonial-image\">\n\t\t\t\t\t\t\t<img decoding=\"async\" src=\"http:\/\/gridd.etsmtl.ca\/wp-content\/uploads\/2023\/07\/ava2.png\" title=\"\" alt=\"\" loading=\"lazy\" \/>\t\t\t\t\t\t<\/div>\n\t\t\t\t\t\n\t\t\t\t\t\t\t\t\t\t<div class=\"elementor-testimonial-details\">\n\t\t\t\t\t\t\t\t\t\t\t\t\t\t<div class=\"elementor-testimonial-name\">Mike Stuart<\/div>\n\t\t\t\t\t\t\t\t\t\t\t\t\t\t\t\t\t\t\t\t\t\t<div class=\"elementor-testimonial-job\">Support<\/div>\n\t\t\t\t\t\t\t\t\t\t\t\t\t<\/div>\n\t\t\t\t\t\t\t\t\t<\/div>\n\t\t\t<\/div>\n\t\t\t\t\t<\/div>\n\t\t\t\t\t\t<\/div>\n\t\t\t\t<\/div>\n\t\t\t\t\t<\/div>\n\t\t<\/div>\n\t\t\t\t\t<\/div>\n\t\t<\/section>\n\t\t\t\t\t<\/div>\n\t\t<\/div>\n\t\t\t\t\t<\/div>\n\t\t<\/section>\n\t\t\t\t<\/div>\n\t\t","protected":false},"excerpt":{"rendered":"<p>Network Industrial partners We&#8217;re constantly collaborating with industry. Find out more about GRIDD&#8217;s industrial partners! Contact Testimonials Click edit button to change this text. Lorem ipsum dolor sit amet, consectetur adipiscing elit. Ut elit tellus, luctus nec ullamcorper mattis, pulvinar dapibus leo. Adam Sendler Designer Click edit button to change this text. Lorem ipsum dolor [&hellip;]<\/p>\n","protected":false},"author":11,"featured_media":0,"parent":0,"menu_order":0,"comment_status":"closed","ping_status":"closed","template":"","meta":{"site-sidebar-layout":"no-sidebar","site-content-layout":"page-builder","ast-site-content-layout":"default","site-content-style":"default","site-sidebar-style":"default","ast-global-header-display":"","ast-banner-title-visibility":"","ast-main-header-display":"","ast-hfb-above-header-display":"","ast-hfb-below-header-display":"","ast-hfb-mobile-header-display":"","site-post-title":"disabled","ast-breadcrumbs-content":"","ast-featured-img":"disabled","footer-sml-layout":"","ast-disable-related-posts":"","theme-transparent-header-meta":"default","adv-header-id-meta":"","stick-header-meta":"","header-above-stick-meta":"","header-main-stick-meta":"","header-below-stick-meta":"","astra-migrate-meta-layouts":"default","ast-page-background-enabled":"default","ast-page-background-meta":{"desktop":{"background-color":"var(--ast-global-color-4)","background-image":"","background-repeat":"repeat","background-position":"center center","background-size":"auto","background-attachment":"scroll","background-type":"","background-media":"","overlay-type":"","overlay-color":"","overlay-opacity":"","overlay-gradient":""},"tablet":{"background-color":"","background-image":"","background-repeat":"repeat","background-position":"center center","background-size":"auto","background-attachment":"scroll","background-type":"","background-media":"","overlay-type":"","overlay-color":"","overlay-opacity":"","overlay-gradient":""},"mobile":{"background-color":"","background-image":"","background-repeat":"repeat","background-position":"center center","background-size":"auto","background-attachment":"scroll","background-type":"","background-media":"","overlay-type":"","overlay-color":"","overlay-opacity":"","overlay-gradient":""}},"ast-content-background-meta":{"desktop":{"background-color":"var(--ast-global-color-5)","background-image":"","background-repeat":"repeat","background-position":"center center","background-size":"auto","background-attachment":"scroll","background-type":"","background-media":"","overlay-type":"","overlay-color":"","overlay-opacity":"","overlay-gradient":""},"tablet":{"background-color":"var(--ast-global-color-5)","background-image":"","background-repeat":"repeat","background-position":"center center","background-size":"auto","background-attachment":"scroll","background-type":"","background-media":"","overlay-type":"","overlay-color":"","overlay-opacity":"","overlay-gradient":""},"mobile":{"background-color":"var(--ast-global-color-5)","background-image":"","background-repeat":"repeat","background-position":"center center","background-size":"auto","background-attachment":"scroll","background-type":"","background-media":"","overlay-type":"","overlay-color":"","overlay-opacity":"","overlay-gradient":""}},"footnotes":""},"tags-de-recherche":[],"type-de-recherche":[],"class_list":["post-4252","page","type-page","status-publish","hentry"],"yoast_head":"<!-- This site is optimized with the Yoast SEO plugin v27.3 - https:\/\/yoast.com\/product\/yoast-seo-wordpress\/ -->\n<title>Industrial partners - GRIDD - Groupe de recherche en int\u00e9gration et d\u00e9veloppement durable en environnement b\u00e2ti<\/title>\n<meta name=\"robots\" content=\"index, follow, max-snippet:-1, max-image-preview:large, max-video-preview:-1\" \/>\n<link rel=\"canonical\" href=\"https:\/\/gridd.etsmtl.ca\/en\/industrial-partners\/\" \/>\n<meta property=\"og:locale\" content=\"en_US\" \/>\n<meta property=\"og:type\" content=\"article\" \/>\n<meta property=\"og:title\" content=\"Industrial partners - GRIDD - Groupe de recherche en int\u00e9gration et d\u00e9veloppement durable en environnement b\u00e2ti\" \/>\n<meta property=\"og:description\" content=\"Network Industrial partners We&#8217;re constantly collaborating with industry. Find out more about GRIDD&#8217;s industrial partners! Contact Testimonials Click edit button to change this text. Lorem ipsum dolor sit amet, consectetur adipiscing elit. Ut elit tellus, luctus nec ullamcorper mattis, pulvinar dapibus leo. Adam Sendler Designer Click edit button to change this text. Lorem ipsum dolor [&hellip;]\" \/>\n<meta property=\"og:url\" content=\"https:\/\/gridd.etsmtl.ca\/en\/industrial-partners\/\" \/>\n<meta property=\"og:site_name\" content=\"GRIDD - Groupe de recherche en int\u00e9gration et d\u00e9veloppement durable en environnement b\u00e2ti\" \/>\n<meta property=\"article:modified_time\" content=\"2025-09-03T13:41:47+00:00\" \/>\n<meta property=\"og:image\" content=\"https:\/\/gridd.etsmtl.ca\/wp-content\/uploads\/2023\/08\/IndustrialPartnersGRIDD.jpg\" \/>\n<meta name=\"twitter:card\" content=\"summary_large_image\" \/>\n<meta name=\"twitter:label1\" content=\"Est. reading time\" \/>\n\t<meta name=\"twitter:data1\" content=\"1 minute\" \/>\n<script type=\"application\/ld+json\" class=\"yoast-schema-graph\">{\"@context\":\"https:\\\/\\\/schema.org\",\"@graph\":[{\"@type\":\"WebPage\",\"@id\":\"https:\\\/\\\/gridd.etsmtl.ca\\\/en\\\/industrial-partners\\\/\",\"url\":\"https:\\\/\\\/gridd.etsmtl.ca\\\/en\\\/industrial-partners\\\/\",\"name\":\"Industrial partners - GRIDD - Groupe de recherche en int\u00e9gration et d\u00e9veloppement durable en environnement b\u00e2ti\",\"isPartOf\":{\"@id\":\"https:\\\/\\\/gridd.etsmtl.ca\\\/en\\\/fr\\\/#website\"},\"primaryImageOfPage\":{\"@id\":\"https:\\\/\\\/gridd.etsmtl.ca\\\/en\\\/industrial-partners\\\/#primaryimage\"},\"image\":{\"@id\":\"https:\\\/\\\/gridd.etsmtl.ca\\\/en\\\/industrial-partners\\\/#primaryimage\"},\"thumbnailUrl\":\"https:\\\/\\\/gridd.etsmtl.ca\\\/wp-content\\\/uploads\\\/2023\\\/08\\\/IndustrialPartnersGRIDD.jpg\",\"datePublished\":\"2015-01-21T15:37:39+00:00\",\"dateModified\":\"2025-09-03T13:41:47+00:00\",\"breadcrumb\":{\"@id\":\"https:\\\/\\\/gridd.etsmtl.ca\\\/en\\\/industrial-partners\\\/#breadcrumb\"},\"inLanguage\":\"en-CA\",\"potentialAction\":[{\"@type\":\"ReadAction\",\"target\":[\"https:\\\/\\\/gridd.etsmtl.ca\\\/en\\\/industrial-partners\\\/\"]}]},{\"@type\":\"ImageObject\",\"inLanguage\":\"en-CA\",\"@id\":\"https:\\\/\\\/gridd.etsmtl.ca\\\/en\\\/industrial-partners\\\/#primaryimage\",\"url\":\"https:\\\/\\\/gridd.etsmtl.ca\\\/wp-content\\\/uploads\\\/2023\\\/08\\\/IndustrialPartnersGRIDD.jpg\",\"contentUrl\":\"https:\\\/\\\/gridd.etsmtl.ca\\\/wp-content\\\/uploads\\\/2023\\\/08\\\/IndustrialPartnersGRIDD.jpg\"},{\"@type\":\"BreadcrumbList\",\"@id\":\"https:\\\/\\\/gridd.etsmtl.ca\\\/en\\\/industrial-partners\\\/#breadcrumb\",\"itemListElement\":[{\"@type\":\"ListItem\",\"position\":1,\"name\":\"Home\",\"item\":\"https:\\\/\\\/gridd.etsmtl.ca\\\/en\\\/home\\\/\"},{\"@type\":\"ListItem\",\"position\":2,\"name\":\"Industrial partners\"}]},{\"@type\":\"WebSite\",\"@id\":\"https:\\\/\\\/gridd.etsmtl.ca\\\/en\\\/fr\\\/#website\",\"url\":\"https:\\\/\\\/gridd.etsmtl.ca\\\/en\\\/fr\\\/\",\"name\":\"GRIDD - Groupe de recherche en int\u00e9gration et d\u00e9veloppement durable en environnement b\u00e2ti\",\"description\":\"\",\"publisher\":{\"@id\":\"https:\\\/\\\/gridd.etsmtl.ca\\\/en\\\/fr\\\/#organization\"},\"potentialAction\":[{\"@type\":\"SearchAction\",\"target\":{\"@type\":\"EntryPoint\",\"urlTemplate\":\"https:\\\/\\\/gridd.etsmtl.ca\\\/en\\\/fr\\\/?s={search_term_string}\"},\"query-input\":{\"@type\":\"PropertyValueSpecification\",\"valueRequired\":true,\"valueName\":\"search_term_string\"}}],\"inLanguage\":\"en-CA\"},{\"@type\":\"Organization\",\"@id\":\"https:\\\/\\\/gridd.etsmtl.ca\\\/en\\\/fr\\\/#organization\",\"name\":\"GRIDD - Groupe de recherche en int\u00e9gration et d\u00e9veloppement durable en environnement b\u00e2ti\",\"url\":\"https:\\\/\\\/gridd.etsmtl.ca\\\/en\\\/fr\\\/\",\"logo\":{\"@type\":\"ImageObject\",\"inLanguage\":\"en-CA\",\"@id\":\"https:\\\/\\\/gridd.etsmtl.ca\\\/en\\\/fr\\\/#\\\/schema\\\/logo\\\/image\\\/\",\"url\":\"https:\\\/\\\/gridd.etsmtl.ca\\\/wp-content\\\/uploads\\\/2023\\\/04\\\/cropped-GRIDD-logo2-1.png\",\"contentUrl\":\"https:\\\/\\\/gridd.etsmtl.ca\\\/wp-content\\\/uploads\\\/2023\\\/04\\\/cropped-GRIDD-logo2-1.png\",\"width\":2564,\"height\":378,\"caption\":\"GRIDD - Groupe de recherche en int\u00e9gration et d\u00e9veloppement durable en environnement b\u00e2ti\"},\"image\":{\"@id\":\"https:\\\/\\\/gridd.etsmtl.ca\\\/en\\\/fr\\\/#\\\/schema\\\/logo\\\/image\\\/\"}}]}<\/script>\n<!-- \/ Yoast SEO plugin. -->","yoast_head_json":{"title":"Industrial partners - GRIDD - Groupe de recherche en int\u00e9gration et d\u00e9veloppement durable en environnement b\u00e2ti","robots":{"index":"index","follow":"follow","max-snippet":"max-snippet:-1","max-image-preview":"max-image-preview:large","max-video-preview":"max-video-preview:-1"},"canonical":"https:\/\/gridd.etsmtl.ca\/en\/industrial-partners\/","og_locale":"en_US","og_type":"article","og_title":"Industrial partners - GRIDD - Groupe de recherche en int\u00e9gration et d\u00e9veloppement durable en environnement b\u00e2ti","og_description":"Network Industrial partners We&#8217;re constantly collaborating with industry. Find out more about GRIDD&#8217;s industrial partners! Contact Testimonials Click edit button to change this text. Lorem ipsum dolor sit amet, consectetur adipiscing elit. Ut elit tellus, luctus nec ullamcorper mattis, pulvinar dapibus leo. Adam Sendler Designer Click edit button to change this text. Lorem ipsum dolor [&hellip;]","og_url":"https:\/\/gridd.etsmtl.ca\/en\/industrial-partners\/","og_site_name":"GRIDD - Groupe de recherche en int\u00e9gration et d\u00e9veloppement durable en environnement b\u00e2ti","article_modified_time":"2025-09-03T13:41:47+00:00","og_image":[{"url":"https:\/\/gridd.etsmtl.ca\/wp-content\/uploads\/2023\/08\/IndustrialPartnersGRIDD.jpg","type":"","width":"","height":""}],"twitter_card":"summary_large_image","twitter_misc":{"Est. reading time":"1 minute"},"schema":{"@context":"https:\/\/schema.org","@graph":[{"@type":"WebPage","@id":"https:\/\/gridd.etsmtl.ca\/en\/industrial-partners\/","url":"https:\/\/gridd.etsmtl.ca\/en\/industrial-partners\/","name":"Industrial partners - GRIDD - Groupe de recherche en int\u00e9gration et d\u00e9veloppement durable en environnement b\u00e2ti","isPartOf":{"@id":"https:\/\/gridd.etsmtl.ca\/en\/fr\/#website"},"primaryImageOfPage":{"@id":"https:\/\/gridd.etsmtl.ca\/en\/industrial-partners\/#primaryimage"},"image":{"@id":"https:\/\/gridd.etsmtl.ca\/en\/industrial-partners\/#primaryimage"},"thumbnailUrl":"https:\/\/gridd.etsmtl.ca\/wp-content\/uploads\/2023\/08\/IndustrialPartnersGRIDD.jpg","datePublished":"2015-01-21T15:37:39+00:00","dateModified":"2025-09-03T13:41:47+00:00","breadcrumb":{"@id":"https:\/\/gridd.etsmtl.ca\/en\/industrial-partners\/#breadcrumb"},"inLanguage":"en-CA","potentialAction":[{"@type":"ReadAction","target":["https:\/\/gridd.etsmtl.ca\/en\/industrial-partners\/"]}]},{"@type":"ImageObject","inLanguage":"en-CA","@id":"https:\/\/gridd.etsmtl.ca\/en\/industrial-partners\/#primaryimage","url":"https:\/\/gridd.etsmtl.ca\/wp-content\/uploads\/2023\/08\/IndustrialPartnersGRIDD.jpg","contentUrl":"https:\/\/gridd.etsmtl.ca\/wp-content\/uploads\/2023\/08\/IndustrialPartnersGRIDD.jpg"},{"@type":"BreadcrumbList","@id":"https:\/\/gridd.etsmtl.ca\/en\/industrial-partners\/#breadcrumb","itemListElement":[{"@type":"ListItem","position":1,"name":"Home","item":"https:\/\/gridd.etsmtl.ca\/en\/home\/"},{"@type":"ListItem","position":2,"name":"Industrial partners"}]},{"@type":"WebSite","@id":"https:\/\/gridd.etsmtl.ca\/en\/fr\/#website","url":"https:\/\/gridd.etsmtl.ca\/en\/fr\/","name":"GRIDD - Groupe de recherche en int\u00e9gration et d\u00e9veloppement durable en environnement b\u00e2ti","description":"","publisher":{"@id":"https:\/\/gridd.etsmtl.ca\/en\/fr\/#organization"},"potentialAction":[{"@type":"SearchAction","target":{"@type":"EntryPoint","urlTemplate":"https:\/\/gridd.etsmtl.ca\/en\/fr\/?s={search_term_string}"},"query-input":{"@type":"PropertyValueSpecification","valueRequired":true,"valueName":"search_term_string"}}],"inLanguage":"en-CA"},{"@type":"Organization","@id":"https:\/\/gridd.etsmtl.ca\/en\/fr\/#organization","name":"GRIDD - Groupe de recherche en int\u00e9gration et d\u00e9veloppement durable en environnement b\u00e2ti","url":"https:\/\/gridd.etsmtl.ca\/en\/fr\/","logo":{"@type":"ImageObject","inLanguage":"en-CA","@id":"https:\/\/gridd.etsmtl.ca\/en\/fr\/#\/schema\/logo\/image\/","url":"https:\/\/gridd.etsmtl.ca\/wp-content\/uploads\/2023\/04\/cropped-GRIDD-logo2-1.png","contentUrl":"https:\/\/gridd.etsmtl.ca\/wp-content\/uploads\/2023\/04\/cropped-GRIDD-logo2-1.png","width":2564,"height":378,"caption":"GRIDD - Groupe de recherche en int\u00e9gration et d\u00e9veloppement durable en environnement b\u00e2ti"},"image":{"@id":"https:\/\/gridd.etsmtl.ca\/en\/fr\/#\/schema\/logo\/image\/"}}]}},"_links":{"self":[{"href":"https:\/\/gridd.etsmtl.ca\/en\/wp-json\/wp\/v2\/pages\/4252","targetHints":{"allow":["GET"]}}],"collection":[{"href":"https:\/\/gridd.etsmtl.ca\/en\/wp-json\/wp\/v2\/pages"}],"about":[{"href":"https:\/\/gridd.etsmtl.ca\/en\/wp-json\/wp\/v2\/types\/page"}],"author":[{"embeddable":true,"href":"https:\/\/gridd.etsmtl.ca\/en\/wp-json\/wp\/v2\/users\/11"}],"replies":[{"embeddable":true,"href":"https:\/\/gridd.etsmtl.ca\/en\/wp-json\/wp\/v2\/comments?post=4252"}],"version-history":[{"count":2,"href":"https:\/\/gridd.etsmtl.ca\/en\/wp-json\/wp\/v2\/pages\/4252\/revisions"}],"predecessor-version":[{"id":8088,"href":"https:\/\/gridd.etsmtl.ca\/en\/wp-json\/wp\/v2\/pages\/4252\/revisions\/8088"}],"wp:attachment":[{"href":"https:\/\/gridd.etsmtl.ca\/en\/wp-json\/wp\/v2\/media?parent=4252"}],"wp:term":[{"taxonomy":"tags-de-recherche","embeddable":true,"href":"https:\/\/gridd.etsmtl.ca\/en\/wp-json\/wp\/v2\/tags-de-recherche?post=4252"},{"taxonomy":"type-de-recherche","embeddable":true,"href":"https:\/\/gridd.etsmtl.ca\/en\/wp-json\/wp\/v2\/type-de-recherche?post=4252"}],"curies":[{"name":"wp","href":"https:\/\/api.w.org\/{rel}","templated":true}]}}